{"id":525,"date":"2025-11-17T21:12:26","date_gmt":"2025-11-17T21:12:26","guid":{"rendered":"https:\/\/tahitiexperience.cl\/?page_id=525"},"modified":"2026-01-19T23:35:07","modified_gmt":"2026-01-19T23:35:07","slug":"nosotros","status":"publish","type":"page","link":"https:\/\/tahitiexperience.cl\/fr\/nosotros\/","title":{"rendered":"\u00c0 propos"},"content":{"rendered":"<div data-elementor-type=\"wp-page\" data-elementor-id=\"525\" class=\"elementor elementor-525\" data-elementor-post-type=\"page\">\n\t\t\t\t\t\t<section data-ekitparallax=\"{&quot;ekit_section_parallax_bg&quot;:&quot;yes&quot;,&quot;ekit_section_parallax_bg_speed&quot;:0.3,&quot;elementor_lazy_load&quot;:&quot;1&quot;}\" data-particle_enable=\"false\" data-particle-mobile-disabled=\"false\" class=\"elementor-section elementor-top-section elementor-element elementor-element-77d55ad3 elementor-section-height-min-height elementor-section-content-bottom elementor-section-boxed elementor-section-height-default elementor-section-items-middle\" data-id=\"77d55ad3\" data-element_type=\"section\" data-settings=\"{&quot;background_background&quot;:&quot;classic&quot;,&quot;ekit_has_onepagescroll_dot&quot;:&quot;yes&quot;}\">\n\t\t\t\t\t\t\t<div class=\"elementor-background-overlay\"><\/div>\n\t\t\t\t\t\t\t<div class=\"elementor-container elementor-column-gap-default\">\n\t\t\t\t\t<div class=\"elementor-column elementor-col-100 elementor-top-column elementor-element elementor-element-1520961e\" data-id=\"1520961e\" data-element_type=\"column\">\n\t\t\t<div class=\"elementor-widget-wrap elementor-element-populated\">\n\t\t\t\t\t\t<div class=\"elementor-element elementor-element-5996169a elementor-widget__width-initial elementor-hidden-desktop elementor-hidden-tablet elementor-hidden-mobile elementor-widget elementor-widget-elementskit-heading\" data-id=\"5996169a\" data-element_type=\"widget\" data-settings=\"{&quot;ekit_we_effect_on&quot;:&quot;none&quot;}\" data-widget_type=\"elementskit-heading.default\">\n\t\t\t\t<div class=\"elementor-widget-container\">\n\t\t\t\t\t<div class=\"ekit-wid-con\" ><div class=\"ekit-heading elementskit-section-title-wraper text_center   ekit_heading_tablet-   ekit_heading_mobile-\"><h2 class=\"ekit-heading--title elementskit-section-title\">NOSOTROS<\/h2><\/div><\/div>\t\t\t\t<\/div>\n\t\t\t\t<\/div>\n\t\t\t\t\t<\/div>\n\t\t<\/div>\n\t\t\t\t\t<\/div>\n\t\t<\/section>\n\t\t\t\t<section data-particle_enable=\"false\" data-particle-mobile-disabled=\"false\" class=\"elementor-section elementor-top-section elementor-element elementor-element-vvzijdx elementor-section-content-middle elementor-section-boxed elementor-section-height-default elementor-section-height-default\" data-id=\"vvzijdx\" data-element_type=\"section\" data-settings=\"{&quot;background_background&quot;:&quot;classic&quot;,&quot;ekit_has_onepagescroll_dot&quot;:&quot;yes&quot;}\">\n\t\t\t\t\t\t<div class=\"elementor-container elementor-column-gap-no\">\n\t\t\t\t\t<div class=\"elementor-column elementor-col-50 elementor-top-column elementor-element elementor-element-258231d\" data-id=\"258231d\" data-element_type=\"column\">\n\t\t\t<div class=\"elementor-widget-wrap elementor-element-populated\">\n\t\t\t\t\t\t<div class=\"elementor-element elementor-element-1401102 elementor-widget elementor-widget-heading\" data-id=\"1401102\" data-element_type=\"widget\" data-settings=\"{&quot;ekit_we_effect_on&quot;:&quot;none&quot;}\" data-widget_type=\"heading.default\">\n\t\t\t\t<div class=\"elementor-widget-container\">\n\t\t\t\t\t<h2 class=\"elementor-heading-title elementor-size-default\">QUI SOMMES-NOUS ?<\/h2>\t\t\t\t<\/div>\n\t\t\t\t<\/div>\n\t\t\t\t<div class=\"elementor-element elementor-element-4f6265e elementor-widget elementor-widget-text-editor\" data-id=\"4f6265e\" data-element_type=\"widget\" data-settings=\"{&quot;ekit_we_effect_on&quot;:&quot;none&quot;}\" data-widget_type=\"text-editor.default\">\n\t\t\t\t<div class=\"elementor-widget-container\">\n\t\t\t\t\t\t\t\t\t<p><strong>Tahiti Experience<\/strong> est une marque sp\u00e9cialis\u00e9e dans la cr\u00e9ation d\u2019\u00e9v\u00e9nements, d\u2019exp\u00e9riences culturelles, de spectacles et, <strong>prochainement, de voyages all inclusive en\nPolyn\u00e9sie fran\u00e7aise.<\/strong><\/p><p>Nous concevons des propositions haut de gamme qui relient la culture, l\u2019esth\u00e9tique et\nl\u2019\u00e9motion, en int\u00e9grant une production professionnelle \u00e0 une direction artistique\nauthentique. Chaque projet est pens\u00e9 sur mesure, avec une attention particuli\u00e8re\nport\u00e9e aux d\u00e9tails, au contexte et \u00e0 l\u2019exp\u00e9rience du public.<\/p>\t\t\t\t\t\t\t\t<\/div>\n\t\t\t\t<\/div>\n\t\t\t\t<div class=\"elementor-element elementor-element-e69fbdd elementor-widget elementor-widget-image\" data-id=\"e69fbdd\" data-element_type=\"widget\" data-settings=\"{&quot;ekit_we_effect_on&quot;:&quot;none&quot;}\" data-widget_type=\"image.default\">\n\t\t\t\t<div class=\"elementor-widget-container\">\n\t\t\t\t\t\t\t\t\t\t\t\t\t\t\t<img fetchpriority=\"high\" decoding=\"async\" width=\"800\" height=\"246\" src=\"https:\/\/tahitiexperience.cl\/wp-content\/uploads\/2026\/01\/Tahiti_Experience_Logo_Negro-1024x315.png\" class=\"attachment-large size-large wp-image-1187\" alt=\"\" srcset=\"https:\/\/tahitiexperience.cl\/wp-content\/uploads\/2026\/01\/Tahiti_Experience_Logo_Negro-1024x315.png 1024w, https:\/\/tahitiexperience.cl\/wp-content\/uploads\/2026\/01\/Tahiti_Experience_Logo_Negro-300x92.png 300w, https:\/\/tahitiexperience.cl\/wp-content\/uploads\/2026\/01\/Tahiti_Experience_Logo_Negro-768x236.png 768w, https:\/\/tahitiexperience.cl\/wp-content\/uploads\/2026\/01\/Tahiti_Experience_Logo_Negro-1536x472.png 1536w, https:\/\/tahitiexperience.cl\/wp-content\/uploads\/2026\/01\/Tahiti_Experience_Logo_Negro-2048x629.png 2048w, https:\/\/tahitiexperience.cl\/wp-content\/uploads\/2026\/01\/Tahiti_Experience_Logo_Negro-200x61.png 200w\" sizes=\"(max-width: 800px) 100vw, 800px\" \/>\t\t\t\t\t\t\t\t\t\t\t\t\t\t\t<\/div>\n\t\t\t\t<\/div>\n\t\t\t\t\t<\/div>\n\t\t<\/div>\n\t\t\t\t<div class=\"elementor-column elementor-col-50 elementor-top-column elementor-element elementor-element-ca44c59\" data-id=\"ca44c59\" data-element_type=\"column\" data-settings=\"{&quot;background_background&quot;:&quot;classic&quot;}\">\n\t\t\t<div class=\"elementor-widget-wrap elementor-element-populated\">\n\t\t\t\t\t\t<div class=\"elementor-element elementor-element-df42f6a elementor-widget elementor-widget-spacer\" data-id=\"df42f6a\" data-element_type=\"widget\" data-settings=\"{&quot;ekit_we_effect_on&quot;:&quot;none&quot;}\" data-widget_type=\"spacer.default\">\n\t\t\t\t<div class=\"elementor-widget-container\">\n\t\t\t\t\t\t\t<div class=\"elementor-spacer\">\n\t\t\t<div class=\"elementor-spacer-inner\"><\/div>\n\t\t<\/div>\n\t\t\t\t\t\t<\/div>\n\t\t\t\t<\/div>\n\t\t\t\t<div class=\"elementor-element elementor-element-7e01216 elementor-widget elementor-widget-image\" data-id=\"7e01216\" data-element_type=\"widget\" data-settings=\"{&quot;ekit_we_effect_on&quot;:&quot;none&quot;}\" data-widget_type=\"image.default\">\n\t\t\t\t<div class=\"elementor-widget-container\">\n\t\t\t\t\t\t\t\t\t\t\t\t\t\t\t<img decoding=\"async\" src=\"https:\/\/tahitiexperience.cl\/wp-content\/uploads\/2025\/11\/hero7-fg.jpg\" title=\"\" alt=\"\" loading=\"lazy\" \/>\t\t\t\t\t\t\t\t\t\t\t\t\t\t\t<\/div>\n\t\t\t\t<\/div>\n\t\t\t\t\t<\/div>\n\t\t<\/div>\n\t\t\t\t\t<\/div>\n\t\t<\/section>\n\t\t\t\t<section data-particle_enable=\"false\" data-particle-mobile-disabled=\"false\" class=\"elementor-section elementor-top-section elementor-element elementor-element-11cf85e2 elementor-section-boxed elementor-section-height-default elementor-section-height-default\" data-id=\"11cf85e2\" data-element_type=\"section\" data-settings=\"{&quot;ekit_has_onepagescroll_dot&quot;:&quot;yes&quot;}\">\n\t\t\t\t\t\t<div class=\"elementor-container elementor-column-gap-default\">\n\t\t\t\t\t<div class=\"elementor-column elementor-col-50 elementor-top-column elementor-element elementor-element-11a245c6\" data-id=\"11a245c6\" data-element_type=\"column\">\n\t\t\t<div class=\"elementor-widget-wrap elementor-element-populated\">\n\t\t\t\t\t\t<div class=\"elementor-element elementor-element-3ea3dfca elementor-widget elementor-widget-heading\" data-id=\"3ea3dfca\" data-element_type=\"widget\" data-settings=\"{&quot;ekit_we_effect_on&quot;:&quot;none&quot;}\" data-widget_type=\"heading.default\">\n\t\t\t\t<div class=\"elementor-widget-container\">\n\t\t\t\t\t<p class=\"elementor-heading-title elementor-size-default\">TOA VALANTIN<\/p>\t\t\t\t<\/div>\n\t\t\t\t<\/div>\n\t\t\t\t<div class=\"elementor-element elementor-element-6bfa7725 elementor-widget elementor-widget-elementskit-heading\" data-id=\"6bfa7725\" data-element_type=\"widget\" data-settings=\"{&quot;ekit_we_effect_on&quot;:&quot;none&quot;}\" data-widget_type=\"elementskit-heading.default\">\n\t\t\t\t<div class=\"elementor-widget-container\">\n\t\t\t\t\t<div class=\"ekit-wid-con\" ><div class=\"ekit-heading elementskit-section-title-wraper    ekit_heading_tablet-   ekit_heading_mobile-\"><h2 class=\"ekit-heading--title elementskit-section-title\">Toarii <span><span>Valantin<\/span><\/span><\/h2><p class=\"ekit-heading--subtitle elementskit-section-subtitle  elementskit-style-border\">\n\t\t\t\t\t\tSon lien direct avec la Polyn\u00e9sie fran\u00e7aise garantit que chaque exp\u00e9rience, \u00e9v\u00e9nement\nou voyage est con\u00e7u dans l\u2019authenticit\u00e9 et le respect culturel.\n\t\t\t\t\t<\/p>\t\t\t\t<div class='ekit-heading__description'>\n\t\t\t\t\t<p>N\u00e9 et \u00e9lev\u00e9 \u00e0 Tahiti, il est un artiste international et ancien participant remarqu\u00e9 de\nl\u2019\u00e9mission t\u00e9l\u00e9vis\u00e9e <strong>TVN \u201cRojo<\/strong>\u201d.<\/p>\n<p>Nos spectacles et voyages sont guid\u00e9s et incarn\u00e9s par Toa Valantin, chanteur et\nrepr\u00e9sentant culturel de la Polyn\u00e9sie fran\u00e7aise.<br \/>Sa pr\u00e9sence \u00e0 chaque repr\u00e9sentation <strong>garantit une exp\u00e9rience authentique,\nprofessionnelle et profond\u00e9ment connect\u00e9e aux racines de Tahiti.<\/strong><\/p>\n\t\t\t\t<\/div>\n\t\t\t<\/div><\/div>\t\t\t\t<\/div>\n\t\t\t\t<\/div>\n\t\t\t\t\t<\/div>\n\t\t<\/div>\n\t\t\t\t<div class=\"elementor-column elementor-col-50 elementor-top-column elementor-element elementor-element-3664e5db\" data-id=\"3664e5db\" data-element_type=\"column\">\n\t\t\t<div class=\"elementor-widget-wrap elementor-element-populated\">\n\t\t\t\t\t\t<section data-particle_enable=\"false\" data-particle-mobile-disabled=\"false\" class=\"elementor-section elementor-inner-section elementor-element elementor-element-551ab04d elementor-section-boxed elementor-section-height-default elementor-section-height-default\" data-id=\"551ab04d\" data-element_type=\"section\" data-settings=\"{&quot;ekit_has_onepagescroll_dot&quot;:&quot;yes&quot;}\">\n\t\t\t\t\t\t<div class=\"elementor-container elementor-column-gap-default\">\n\t\t\t\t\t<div class=\"elementor-column elementor-col-50 elementor-inner-column elementor-element elementor-element-9650c8e\" data-id=\"9650c8e\" data-element_type=\"column\">\n\t\t\t<div class=\"elementor-widget-wrap elementor-element-populated\">\n\t\t\t\t\t\t<div class=\"elementor-element elementor-element-4868d3f6 elementor-widget elementor-widget-elementskit-team\" data-id=\"4868d3f6\" data-element_type=\"widget\" data-settings=\"{&quot;ekit_we_effect_on&quot;:&quot;none&quot;}\" data-widget_type=\"elementskit-team.default\">\n\t\t\t\t<div class=\"elementor-widget-container\">\n\t\t\t\t\t<div class=\"ekit-wid-con\">\n\t\t\t\t\t\t\t\t\t\t\t\t\t\t\t\t\t\t\t\t\t\t\t\t<div class=\"profile-image-card elementor-animation- ekit-team-img ekit-team-style-overlay text-center\">\n\n\t\t\t\t\t\t\t\t\t\t\t\t\t<img decoding=\"async\" width=\"800\" height=\"1000\" src=\"https:\/\/tahitiexperience.cl\/wp-content\/uploads\/2026\/01\/ToaValantin_Tahiti-1-819x1024.jpg\" class=\"attachment-large size-large wp-image-1202\" alt=\"\" srcset=\"https:\/\/tahitiexperience.cl\/wp-content\/uploads\/2026\/01\/ToaValantin_Tahiti-1-819x1024.jpg 819w, https:\/\/tahitiexperience.cl\/wp-content\/uploads\/2026\/01\/ToaValantin_Tahiti-1-240x300.jpg 240w, https:\/\/tahitiexperience.cl\/wp-content\/uploads\/2026\/01\/ToaValantin_Tahiti-1-768x960.jpg 768w, https:\/\/tahitiexperience.cl\/wp-content\/uploads\/2026\/01\/ToaValantin_Tahiti-1-1229x1536.jpg 1229w, https:\/\/tahitiexperience.cl\/wp-content\/uploads\/2026\/01\/ToaValantin_Tahiti-1-1638x2048.jpg 1638w, https:\/\/tahitiexperience.cl\/wp-content\/uploads\/2026\/01\/ToaValantin_Tahiti-1-200x250.jpg 200w, https:\/\/tahitiexperience.cl\/wp-content\/uploads\/2026\/01\/ToaValantin_Tahiti-1.jpg 1932w\" sizes=\"(max-width: 800px) 100vw, 800px\" \/>\t\t\t\t\t\t\t\t\t\t\t\t<div class=\"hover-area\">\n\t\t\t\t\t\t\t<div class=\"profile-body\">\n\t\t\t\t\t\t\t\t<h2 class=\"profile-title\">\n\t\t\t\t\t\t\t\t\t\t\t\t\t\t\t\t\t\t\t\t\t\t\t\t\t\t\t\t\t\t\t\t\t<\/h2>\n\t\t\t\t\t\t\t\t<p class=\"profile-designation\"><\/p>\n\t\t\t\t\t\t\t\t\t\t\t\t\t\t\t<\/div>\n\t\t\t\t\t\t\t\t\t\t\t\t\t<\/div>\n\t\t\t\t\t<\/div>\n\t\t\t\t\t\n\t\t\t\t\n\t\t\t\t<\/div>\t\t\t\t<\/div>\n\t\t\t\t<\/div>\n\t\t\t\t<div class=\"elementor-element elementor-element-311bbe35 elementor-widget elementor-widget-elementskit-team\" data-id=\"311bbe35\" data-element_type=\"widget\" data-settings=\"{&quot;ekit_we_effect_on&quot;:&quot;none&quot;}\" data-widget_type=\"elementskit-team.default\">\n\t\t\t\t<div class=\"elementor-widget-container\">\n\t\t\t\t\t<div class=\"ekit-wid-con\">\n\t\t\t\t\t\t\t\t\t\t\t\t\t\t\t\t\t\t\t\t\t\t\t\t<div class=\"profile-image-card elementor-animation- ekit-team-img ekit-team-style-overlay text-center\">\n\n\t\t\t\t\t\t\t\t\t\t\t\t\t<img decoding=\"async\" width=\"800\" height=\"1000\" src=\"https:\/\/tahitiexperience.cl\/wp-content\/uploads\/2026\/01\/Toa_3-819x1024.jpg\" class=\"attachment-large size-large wp-image-1201\" alt=\"\" srcset=\"https:\/\/tahitiexperience.cl\/wp-content\/uploads\/2026\/01\/Toa_3-819x1024.jpg 819w, https:\/\/tahitiexperience.cl\/wp-content\/uploads\/2026\/01\/Toa_3-240x300.jpg 240w, https:\/\/tahitiexperience.cl\/wp-content\/uploads\/2026\/01\/Toa_3-768x960.jpg 768w, https:\/\/tahitiexperience.cl\/wp-content\/uploads\/2026\/01\/Toa_3-200x250.jpg 200w, https:\/\/tahitiexperience.cl\/wp-content\/uploads\/2026\/01\/Toa_3.jpg 853w\" sizes=\"(max-width: 800px) 100vw, 800px\" \/>\t\t\t\t\t\t\t\t\t\t\t\t<div class=\"hover-area\">\n\t\t\t\t\t\t\t<div class=\"profile-body\">\n\t\t\t\t\t\t\t\t<h2 class=\"profile-title\">\n\t\t\t\t\t\t\t\t\t\t\t\t\t\t\t\t\t\t\t\t\t\t\t\t\t\t\t\t\t\t\t\t\t<\/h2>\n\t\t\t\t\t\t\t\t<p class=\"profile-designation\"><\/p>\n\t\t\t\t\t\t\t\t\t\t\t\t\t\t\t<\/div>\n\t\t\t\t\t\t\t\t\t\t\t\t\t<\/div>\n\t\t\t\t\t<\/div>\n\t\t\t\t\t\n\t\t\t\t\n\t\t\t\t<\/div>\t\t\t\t<\/div>\n\t\t\t\t<\/div>\n\t\t\t\t\t<\/div>\n\t\t<\/div>\n\t\t\t\t<div class=\"elementor-column elementor-col-50 elementor-inner-column elementor-element elementor-element-18c19705\" data-id=\"18c19705\" data-element_type=\"column\">\n\t\t\t<div class=\"elementor-widget-wrap elementor-element-populated\">\n\t\t\t\t\t\t<div class=\"elementor-element elementor-element-1b0d69d elementor-widget elementor-widget-elementskit-team\" data-id=\"1b0d69d\" data-element_type=\"widget\" data-settings=\"{&quot;ekit_we_effect_on&quot;:&quot;none&quot;}\" data-widget_type=\"elementskit-team.default\">\n\t\t\t\t<div class=\"elementor-widget-container\">\n\t\t\t\t\t<div class=\"ekit-wid-con\">\n\t\t\t\t\t\t\t\t\t\t\t\t\t\t\t\t\t\t\t\t\t\t\t\t<div class=\"profile-image-card elementor-animation- ekit-team-img ekit-team-style-overlay text-center\">\n\n\t\t\t\t\t\t\t\t\t\t\t\t\t<img loading=\"lazy\" decoding=\"async\" width=\"800\" height=\"800\" src=\"https:\/\/tahitiexperience.cl\/wp-content\/uploads\/2026\/01\/Toa_1-1024x1024.jpg\" class=\"attachment-large size-large wp-image-1199\" alt=\"\" srcset=\"https:\/\/tahitiexperience.cl\/wp-content\/uploads\/2026\/01\/Toa_1-1024x1024.jpg 1024w, https:\/\/tahitiexperience.cl\/wp-content\/uploads\/2026\/01\/Toa_1-300x300.jpg 300w, https:\/\/tahitiexperience.cl\/wp-content\/uploads\/2026\/01\/Toa_1-150x150.jpg 150w, https:\/\/tahitiexperience.cl\/wp-content\/uploads\/2026\/01\/Toa_1-768x768.jpg 768w, https:\/\/tahitiexperience.cl\/wp-content\/uploads\/2026\/01\/Toa_1-200x200.jpg 200w, https:\/\/tahitiexperience.cl\/wp-content\/uploads\/2026\/01\/Toa_1.jpg 1440w\" sizes=\"(max-width: 800px) 100vw, 800px\" \/>\t\t\t\t\t\t\t\t\t\t\t\t<div class=\"hover-area\">\n\t\t\t\t\t\t\t<div class=\"profile-body\">\n\t\t\t\t\t\t\t\t<h2 class=\"profile-title\">\n\t\t\t\t\t\t\t\t\t\t\t\t\t\t\t\t\t\t\t\t\t\t\t\t\t\t\t\t\t\t\t\t\t<\/h2>\n\t\t\t\t\t\t\t\t<p class=\"profile-designation\"><\/p>\n\t\t\t\t\t\t\t\t\t\t\t\t\t\t\t<\/div>\n\t\t\t\t\t\t\t\t\t\t\t\t\t<\/div>\n\t\t\t\t\t<\/div>\n\t\t\t\t\t\n\t\t\t\t\n\t\t\t\t<\/div>\t\t\t\t<\/div>\n\t\t\t\t<\/div>\n\t\t\t\t<div class=\"elementor-element elementor-element-85d39b2 elementor-widget elementor-widget-elementskit-team\" data-id=\"85d39b2\" data-element_type=\"widget\" data-settings=\"{&quot;ekit_we_effect_on&quot;:&quot;none&quot;}\" data-widget_type=\"elementskit-team.default\">\n\t\t\t\t<div class=\"elementor-widget-container\">\n\t\t\t\t\t<div class=\"ekit-wid-con\">\n\t\t\t\t\t\t\t\t\t\t\t\t\t\t\t\t\t\t\t\t\t\t\t\t<div class=\"profile-image-card elementor-animation- ekit-team-img ekit-team-style-overlay text-center\">\n\n\t\t\t\t\t\t\t\t\t\t\t\t\t<img loading=\"lazy\" decoding=\"async\" width=\"800\" height=\"953\" src=\"https:\/\/tahitiexperience.cl\/wp-content\/uploads\/2026\/01\/Toa_5-860x1024.png\" class=\"attachment-large size-large wp-image-1203\" alt=\"\" srcset=\"https:\/\/tahitiexperience.cl\/wp-content\/uploads\/2026\/01\/Toa_5-860x1024.png 860w, https:\/\/tahitiexperience.cl\/wp-content\/uploads\/2026\/01\/Toa_5-252x300.png 252w, https:\/\/tahitiexperience.cl\/wp-content\/uploads\/2026\/01\/Toa_5-768x915.png 768w, https:\/\/tahitiexperience.cl\/wp-content\/uploads\/2026\/01\/Toa_5-1290x1536.png 1290w, https:\/\/tahitiexperience.cl\/wp-content\/uploads\/2026\/01\/Toa_5-200x238.png 200w, https:\/\/tahitiexperience.cl\/wp-content\/uploads\/2026\/01\/Toa_5.png 1340w\" sizes=\"(max-width: 800px) 100vw, 800px\" \/>\t\t\t\t\t\t\t\t\t\t\t\t<div class=\"hover-area\">\n\t\t\t\t\t\t\t<div class=\"profile-body\">\n\t\t\t\t\t\t\t\t<h2 class=\"profile-title\">\n\t\t\t\t\t\t\t\t\t\t\t\t\t\t\t\t\t\t\t\t\t\t\t\t\t\t\t\t\t\t\t\t\t<\/h2>\n\t\t\t\t\t\t\t\t<p class=\"profile-designation\"><\/p>\n\t\t\t\t\t\t\t\t\t\t\t\t\t\t\t<\/div>\n\t\t\t\t\t\t\t\t\t\t\t\t\t<\/div>\n\t\t\t\t\t<\/div>\n\t\t\t\t\t\n\t\t\t\t\n\t\t\t\t<\/div>\t\t\t\t<\/div>\n\t\t\t\t<\/div>\n\t\t\t\t\t<\/div>\n\t\t<\/div>\n\t\t\t\t\t<\/div>\n\t\t<\/section>\n\t\t\t\t\t<\/div>\n\t\t<\/div>\n\t\t\t\t\t<\/div>\n\t\t<\/section>\n\t\t<div data-particle_enable=\"false\" data-particle-mobile-disabled=\"false\" class=\"elementor-element elementor-element-1690f919 e-flex e-con-boxed e-con e-parent\" data-id=\"1690f919\" data-element_type=\"container\" data-settings=\"{&quot;background_background&quot;:&quot;classic&quot;,&quot;ekit_has_onepagescroll_dot&quot;:&quot;yes&quot;}\">\n\t\t\t\t\t<div class=\"e-con-inner\">\n\t\t\t\t<div class=\"elementor-element elementor-element-50c27434 elementor-widget elementor-widget-elementskit-heading\" data-id=\"50c27434\" data-element_type=\"widget\" data-settings=\"{&quot;ekit_we_effect_on&quot;:&quot;none&quot;}\" data-widget_type=\"elementskit-heading.default\">\n\t\t\t\t<div class=\"elementor-widget-container\">\n\t\t\t\t\t<div class=\"ekit-wid-con\" ><div class=\"ekit-heading elementskit-section-title-wraper center   ekit_heading_tablet-   ekit_heading_mobile-\"><h2 class=\"elementskit-section-subtitle\">\n\t\t\t\t\t\tTAHITI EXPERIENCE\n\t\t\t\t\t<\/h2><h2 class=\"ekit-heading--title elementskit-section-title\">NOTRE <span><span>VISION<\/span><\/span><\/h2>\t\t\t\t<div class='ekit-heading__description'>\n\t\t\t\t\t<p>Cr\u00e9er des exp\u00e9riences culturelles porteuses de sens, capables de transmettre et de connecter les personnes aux valeurs et aux traditions ancestrales de la Polyn\u00e9sie fran\u00e7aise \u00e0 travers le spectacle.<\/p>\n\t\t\t\t<\/div>\n\t\t\t<div class=\"ekit_heading_separetor_wraper ekit_heading_elementskit-border-divider ekit-dotted\"><div class=\"elementskit-border-divider ekit-dotted\"><\/div><\/div><\/div><\/div>\t\t\t\t<\/div>\n\t\t\t\t<\/div>\n\t\t\t\t\t<\/div>\n\t\t\t\t<\/div>\n\t\t\t\t<\/div>","protected":false},"excerpt":{"rendered":"<p>NOSOTROS \u00bfQUI\u00c9NES SOMOS? Tahiti Experience es una marca especializada en el desarrollo de eventos, experiencias culturales, espect\u00e1culos y pronto viajes all inclusive a la Polinesia Francesa. Dise\u00f1amos propuestas de alto nivel que conectan cultura, est\u00e9tica y emoci\u00f3n, integrando producci\u00f3n profesional con una direcci\u00f3n art\u00edstica aut\u00e9ntica. Cada proyecto se construye a medida, cuidando el detalle, el [&hellip;]<\/p>","protected":false},"author":1,"featured_media":0,"parent":0,"menu_order":0,"comment_status":"closed","ping_status":"closed","template":"","meta":{"footnotes":""},"class_list":["post-525","page","type-page","status-publish","hentry"],"_hostinger_reach_plugin_has_subscription_block":false,"_hostinger_reach_plugin_is_elementor":false,"_links":{"self":[{"href":"https:\/\/tahitiexperience.cl\/fr\/wp-json\/wp\/v2\/pages\/525","targetHints":{"allow":["GET"]}}],"collection":[{"href":"https:\/\/tahitiexperience.cl\/fr\/wp-json\/wp\/v2\/pages"}],"about":[{"href":"https:\/\/tahitiexperience.cl\/fr\/wp-json\/wp\/v2\/types\/page"}],"author":[{"embeddable":true,"href":"https:\/\/tahitiexperience.cl\/fr\/wp-json\/wp\/v2\/users\/1"}],"replies":[{"embeddable":true,"href":"https:\/\/tahitiexperience.cl\/fr\/wp-json\/wp\/v2\/comments?post=525"}],"version-history":[{"count":208,"href":"https:\/\/tahitiexperience.cl\/fr\/wp-json\/wp\/v2\/pages\/525\/revisions"}],"predecessor-version":[{"id":1850,"href":"https:\/\/tahitiexperience.cl\/fr\/wp-json\/wp\/v2\/pages\/525\/revisions\/1850"}],"wp:attachment":[{"href":"https:\/\/tahitiexperience.cl\/fr\/wp-json\/wp\/v2\/media?parent=525"}],"curies":[{"name":"wp","href":"https:\/\/api.w.org\/{rel}","templated":true}]}}